{"id":587,"date":"2024-02-06T15:16:25","date_gmt":"2024-02-06T14:16:25","guid":{"rendered":"https:\/\/nodesmarket.com\/?page_id=587"},"modified":"2024-08-29T12:38:48","modified_gmt":"2024-08-29T10:38:48","slug":"markets-in-sweden","status":"publish","type":"page","link":"https:\/\/nodesmarket.com\/no\/markets-in-sweden\/","title":{"rendered":"Markets in Sweden"},"content":{"rendered":"\n<div class=\"wp-block-group alignwide has-global-padding is-layout-constrained wp-block-group-is-layout-constrained\">\n<div class=\"wp-block-columns alignwide is-layout-flex wp-container-core-columns-is-layout-28f84493 wp-block-columns-is-layout-flex\">\n<div class=\"wp-block-column is-vertically-aligned-center is-layout-flow wp-block-column-is-layout-flow\">\n<h1 class=\"wp-block-heading has-colossal-font-size\">Markets in Sweden<\/h1>\n\n\n\n<p>A local market in the area around Gothenburg and M\u00f6lndal is currently active in Sweden.<\/p>\n\n\n\n<div class=\"wp-block-buttons is-layout-flex wp-block-buttons-is-layout-flex\">\n<div class=\"wp-block-button has-icon-after__arrow-right\"><a class=\"wp-block-button__link wp-element-button\" href=\"https:\/\/portal.nodesmarket.com\/onboarding\/dashboard#market-data\" target=\"_blank\" rel=\"noreferrer noopener\">View market data<\/a><\/div>\n<\/div>\n<\/div>\n\n\n\n<div class=\"wp-block-column is-layout-flow wp-block-column-is-layout-flow\">\n<figure class=\"wp-block-image size-full is-resized\"><img loading=\"lazy\" decoding=\"async\" width=\"640\" height=\"427\" src=\"https:\/\/ds7yx6kld6i0w.cloudfront.net\/wp-content\/uploads\/2024\/02\/06145915\/Swedish-flag.jpeg\" alt=\"\" class=\"wp-image-588\" style=\"width:565px;height:auto\" srcset=\"https:\/\/ds7yx6kld6i0w.cloudfront.net\/wp-content\/uploads\/2024\/02\/06145915\/Swedish-flag.jpeg 640w, https:\/\/ds7yx6kld6i0w.cloudfront.net\/wp-content\/uploads\/2024\/02\/06145915\/Swedish-flag-300x200.jpeg 300w\" sizes=\"auto, (max-width: 640px) 100vw, 640px\" \/><\/figure>\n<\/div>\n<\/div>\n<\/div>\n\n\n\n<div class=\"wp-block-group alignfull has-global-padding is-layout-constrained wp-block-group-is-layout-constrained\">\n<div class=\"wp-block-columns alignfull is-layout-flex wp-container-core-columns-is-layout-28f84493 wp-block-columns-is-layout-flex\">\n<div class=\"wp-block-column is-layout-flow wp-block-column-is-layout-flow\" style=\"flex-basis:100%\">\n<div class=\"wp-block-group alignfull is-style-dark-mode has-global-padding is-layout-constrained wp-container-core-group-is-layout-232c5566 wp-block-group-is-layout-constrained\" style=\"padding-top:var(--wp--preset--spacing--70);padding-right:var(--wp--preset--spacing--40);padding-bottom:var(--wp--preset--spacing--70);padding-left:var(--wp--preset--spacing--40)\">\n<div class=\"wp-block-group alignwide has-global-padding is-content-justification-left is-layout-constrained wp-container-core-group-is-layout-12dd3699 wp-block-group-is-layout-constrained\">\n<div class=\"wp-block-group alignwide is-content-justification-space-between is-layout-flex wp-container-core-group-is-layout-2c8c185c wp-block-group-is-layout-flex\" style=\"margin-bottom:var(--wp--preset--spacing--50);padding-top:0;padding-bottom:0\">\n<h2 class=\"wp-block-heading has-white-color has-text-color has-link-color has-gigantic-font-size wp-elements-34c83027277233dc6fe5b890dcc04279\">Active Markets<\/h2>\n\n\n\n<div class=\"wp-block-buttons is-content-justification-left is-layout-flex wp-container-core-buttons-is-layout-fc4fd283 wp-block-buttons-is-layout-flex\">\n<div class=\"wp-block-button has-icon-after__arrow-right\"><a class=\"wp-block-button__link wp-element-button\" href=\"https:\/\/portal.nodesmarket.com\/onboarding\/dashboard?loginPopup=true&amp;loginPage=register-as-fsp\" target=\"_blank\" rel=\"noreferrer noopener\">Sign in \/ Register<\/a><\/div>\n<\/div>\n<\/div>\n\n\n\n<div class=\"wp-block-group alignwide is-style-default has-global-padding is-layout-constrained wp-block-group-is-layout-constrained\">\n<div class=\"wp-block-columns alignwide is-layout-flex wp-container-core-columns-is-layout-28f84493 wp-block-columns-is-layout-flex\">\n<div class=\"wp-block-column is-vertically-aligned-stretch has-primary-blue-900-background-color has-background is-layout-flow wp-block-column-is-layout-flow\" style=\"padding-top:var(--wp--preset--spacing--50);padding-right:var(--wp--preset--spacing--40);padding-bottom:var(--wp--preset--spacing--50);padding-left:var(--wp--preset--spacing--40);flex-basis:33.33%\">\n<div class=\"wp-block-group is-vertical is-layout-flex wp-container-core-group-is-layout-0ec895bd wp-block-group-is-layout-flex\" style=\"min-height:100%;margin-top:0;margin-bottom:0;padding-top:0;padding-right:0;padding-bottom:0;padding-left:0\">\n<div class=\"wp-block-group has-global-padding is-layout-constrained wp-block-group-is-layout-constrained\">\n<h2 class=\"wp-block-heading has-white-color has-text-color has-link-color wp-elements-587bc63e8142753e99782af54c981fec\">Effekthandel V\u00e4st<\/h2>\n\n\n\n<p>Effekthandel V\u00e4st is a local market in the Gothenburg\/M\u00f6lndal region, where G\u00f6teborg Energi N\u00e4t and M\u00f6lndal Energi N\u00e4t buy flexibility as reservation and activation products.\u00a0<\/p>\n\n\n\n<figure class=\"wp-block-image size-full is-resized\"><img loading=\"lazy\" decoding=\"async\" width=\"640\" height=\"362\" src=\"https:\/\/ds7yx6kld6i0w.cloudfront.net\/wp-content\/uploads\/2024\/02\/06150507\/Goteborg.jpeg\" alt=\"\" class=\"wp-image-592\" style=\"object-fit:cover;width:350px;height:200px\" srcset=\"https:\/\/ds7yx6kld6i0w.cloudfront.net\/wp-content\/uploads\/2024\/02\/06150507\/Goteborg.jpeg 640w, https:\/\/ds7yx6kld6i0w.cloudfront.net\/wp-content\/uploads\/2024\/02\/06150507\/Goteborg-300x170.jpeg 300w\" sizes=\"auto, (max-width: 640px) 100vw, 640px\" \/><\/figure>\n<\/div>\n\n\n\n<div class=\"wp-block-buttons is-layout-flex wp-block-buttons-is-layout-flex\">\n<div class=\"wp-block-button has-icon-after__arrow-right is-style-fill\"><a class=\"wp-block-button__link has-primary-blue-25-color has-text-color has-link-color wp-element-button\" href=\"https:\/\/nodesmarket.com\/effekthandel-vast\/\">Read more<\/a><\/div>\n<\/div>\n<\/div>\n<\/div>\n<\/div>\n<\/div>\n<\/div>\n<\/div>\n<\/div>\n<\/div>\n<\/div>\n\n\n\n<div class=\"wp-block-group alignwide has-global-padding is-layout-constrained wp-block-group-is-layout-constrained\" style=\"padding-top:var(--wp--preset--spacing--80);padding-bottom:var(--wp--preset--spacing--80)\">\n<div class=\"alignwide wp-block-site-logo-carousel\" id=\"block-51706b68c76718e740b136060d9f87a2\">\n\n<div class=\"wp-block-site-logo-carousel__content\" >\n\t<div class=\"wp-block-site-logo-carousel__content-inner\">\n\n<div class=\"wp-block-group is-content-justification-space-between is-layout-flex wp-container-core-group-is-layout-9366075c wp-block-group-is-layout-flex\">\n<h2 class=\"wp-block-heading\">System operators purchasing flexibility on NODES platform <\/h2>\n\n\n\n<div class=\"wp-block-buttons is-layout-flex wp-block-buttons-is-layout-flex\">\n<div class=\"wp-block-button is-style-outline has-icon-after__arrow-right is-style-outline--1\"><a class=\"wp-block-button__link wp-element-button\" href=\"https:\/\/nodesmarket.com\/book-a-demo\/\">Book a demo<\/a><\/div>\n<\/div>\n<\/div>\n\n<\/div>\n<\/div>\n\n<div class=\"wp-block-site-logo-carousel__swiper-nav\" >\n\t<button class=\"swiper-button-prev\">\n\t\t<svg xmlns=\"http:\/\/www.w3.org\/2000\/svg\" width=\"24\" height=\"24\" viewBox=\"0 0 24 24\" fill=\"none\">\n\t\t\t<path d=\"M14.71 15.88L10.83 12L14.71 8.11998C15.1 7.72998 15.1 7.09998 14.71 6.70998C14.32 6.31998 13.69 6.31998 13.3 6.70998L8.70998 11.3C8.31998 11.69 8.31998 12.32 8.70998 12.71L13.3 17.3C13.69 17.69 14.32 17.69 14.71 17.3C15.09 16.91 15.1 16.27 14.71 15.88Z\" fill=\"currentColor\"\/>\n\t\t<\/svg>\n\t<\/button>\n\t<button class=\"swiper-button-next\">\n\t\t<svg xmlns=\"http:\/\/www.w3.org\/2000\/svg\" width=\"24\" height=\"24\" viewBox=\"0 0 24 24\" fill=\"none\">\n\t\t\t<path d=\"M9.29006 15.88L13.1701 12L9.29006 8.11998C8.90006 7.72998 8.90006 7.09998 9.29006 6.70998C9.68006 6.31998 10.3101 6.31998 10.7001 6.70998L15.2901 11.3C15.6801 11.69 15.6801 12.32 15.2901 12.71L10.7001 17.3C10.3101 17.69 9.68006 17.69 9.29006 17.3C8.91006 16.91 8.90006 16.27 9.29006 15.88Z\" fill=\"currentColor\"\/>\n\t\t<\/svg>\n\t<\/button>\n<\/div>\n\n<div class=\"wp-block-site-logo-carousel__swiper-container\">\n\t<div class=\"swiper\">\n\t\t<div class=\"swiper-wrapper\">\n\t\t\t\t\t\t\t<div class=\"swiper-slide\">\n\t\t\t\t\t\t\t\t\t\t<a\n\t\t\t\t\t\thref=\"https:\/\/www.goteborgenergi.se\/\"\n\t\t\t\t\t\t\t\t\t\t\t\ttarget=\"_blank\"\n\t\t\t\t\t\t\t\t\t\t\t\t\t\t\t\t\t>\n\t\t\t\t\t\t\t\t\t\t\t\t\t\t\t<img loading=\"lazy\" decoding=\"async\" width=\"400\" height=\"160\" src=\"https:\/\/ds7yx6kld6i0w.cloudfront.net\/wp-content\/uploads\/2024\/02\/20105514\/Goteborg-Energi-Nat-logo.png\" class=\"wp-block-site-logo-carousel__img\" alt=\"\" srcset=\"https:\/\/ds7yx6kld6i0w.cloudfront.net\/wp-content\/uploads\/2024\/02\/20105514\/Goteborg-Energi-Nat-logo.png 400w, https:\/\/ds7yx6kld6i0w.cloudfront.net\/wp-content\/uploads\/2024\/02\/20105514\/Goteborg-Energi-Nat-logo-300x120.png 300w\" sizes=\"auto, (max-width: 400px) 100vw, 400px\" \/>\t\t\t\t\t\t\t\t\t\t\t\t\t\t\t<\/a>\n\t\t\t\t\t\t\t\t\t<\/div>\n\t\t\t\t\t\t\t<div class=\"swiper-slide\">\n\t\t\t\t\t\t\t\t\t\t<a\n\t\t\t\t\t\thref=\"https:\/\/www.molndalenergi.se\/privat\"\n\t\t\t\t\t\t\t\t\t\t\t\ttarget=\"_blank\"\n\t\t\t\t\t\t\t\t\t\t\t\t\t\t\t\t\t>\n\t\t\t\t\t\t\t\t\t\t\t\t\t\t\t<img loading=\"lazy\" decoding=\"async\" width=\"510\" height=\"293\" src=\"https:\/\/ds7yx6kld6i0w.cloudfront.net\/wp-content\/uploads\/2024\/02\/20104909\/Molandal-Energi-Logo.png\" class=\"wp-block-site-logo-carousel__img\" alt=\"\" srcset=\"https:\/\/ds7yx6kld6i0w.cloudfront.net\/wp-content\/uploads\/2024\/02\/20104909\/Molandal-Energi-Logo.png 510w, https:\/\/ds7yx6kld6i0w.cloudfront.net\/wp-content\/uploads\/2024\/02\/20104909\/Molandal-Energi-Logo-300x172.png 300w\" sizes=\"auto, (max-width: 510px) 100vw, 510px\" \/>\t\t\t\t\t\t\t\t\t\t\t\t\t\t\t<\/a>\n\t\t\t\t\t\t\t\t\t<\/div>\n\t\t\t\t\t<\/div>\n\t<\/div>\n<\/div>\n\n<\/div>\n<\/div>\n\n\n\n<div class=\"wp-block-group alignfull is-style-dark-mode has-global-padding is-content-justification-center is-layout-constrained wp-container-core-group-is-layout-c2701675 wp-block-group-is-layout-constrained\" style=\"padding-top:var(--wp--preset--spacing--80);padding-right:var(--wp--preset--spacing--40);padding-bottom:var(--wp--preset--spacing--80);padding-left:var(--wp--preset--spacing--40)\">\n<div class=\"wp-block-group alignwide is-content-justification-space-between is-nowrap is-layout-flex wp-container-core-group-is-layout-1f57f09c wp-block-group-is-layout-flex\" style=\"margin-bottom:var(--wp--preset--spacing--50);padding-top:0;padding-bottom:0\">\n<h2 class=\"wp-block-heading has-text-align-center has-white-color has-text-color has-link-color has-gigantic-font-size wp-elements-d05b8342a192c7285f2b720148a54bc2 wp-container-content-9cfa9a5a\">Collaboration with the industry<\/h2>\n<\/div>\n\n\n\n<div class=\"wp-block-group alignwide has-global-padding is-layout-constrained wp-block-group-is-layout-constrained\">\n<figure class=\"wp-block-embed alignwide is-type-video is-provider-youtube wp-block-embed-youtube is-style-default wp-embed-aspect-16-9 wp-has-aspect-ratio\"><div class=\"wp-block-embed__wrapper\">\n<iframe loading=\"lazy\" title=\"Sweden Flexibility day 2023 promo\" width=\"500\" height=\"281\" src=\"https:\/\/www.youtube.com\/embed\/hZ8x0fbWc8I?feature=oembed\" frameborder=\"0\" allow=\"accelerometer; autoplay; clipboard-write; encrypted-media; gyroscope; picture-in-picture; web-share\" referrerpolicy=\"strict-origin-when-cross-origin\" allowfullscreen><\/iframe>\n<\/div><\/figure>\n<\/div>\n<\/div>\n\n\n\n<div class=\"wp-block-group alignwide is-layout-flow wp-container-core-group-is-layout-88b7dfae wp-block-group-is-layout-flow\" style=\"padding-top:var(--wp--preset--spacing--50);padding-bottom:var(--wp--preset--spacing--50)\">\n<div class=\"wp-block-columns alignwide is-layout-flex wp-container-core-columns-is-layout-28f84493 wp-block-columns-is-layout-flex\">\n<div class=\"wp-block-column is-vertically-aligned-center has-white-color has-text-color has-link-color has-gigantic-font-size wp-elements-a7f9ac09314627c80f69f1476e726586 is-layout-flow wp-block-column-is-layout-flow\" style=\"margin-bottom:var(--wp--preset--spacing--40);flex-basis:40%\">\n<h2 class=\"wp-block-heading has-primary-blue-color has-text-color has-link-color has-gigantic-font-size wp-elements-d1629869abaa1601f376aedb834f9470\" style=\"margin-bottom:var(--wp--preset--spacing--40)\">Are you a <mark style=\"background-color:rgba(0, 0, 0, 0)\" class=\"has-inline-color has-primary-color\">Flexibility Service Provider (FSP)<\/mark> ?<\/h2>\n\n\n\n<div class=\"wp-block-buttons is-layout-flex wp-block-buttons-is-layout-flex\">\n<div class=\"wp-block-button has-icon-after__arrow-right\"><a class=\"wp-block-button__link wp-element-button\" href=\"https:\/\/portal.nodesmarket.com\/onboarding\/dashboard?loginPopup=true&amp;loginPage=register-as-fsp\" target=\"_blank\" rel=\"noreferrer noopener\">Sign in \/ Register<\/a><\/div>\n<\/div>\n<\/div>\n\n\n\n<div class=\"wp-block-column is-layout-flow wp-block-column-is-layout-flow\">\n<figure class=\"wp-block-image size-large has-icon-after__arrow-right\"><img loading=\"lazy\" decoding=\"async\" width=\"1024\" height=\"596\" src=\"https:\/\/ds7yx6kld6i0w.cloudfront.net\/wp-content\/uploads\/2024\/01\/07192024\/NODES_illustration-horizontal-RGB_simple-light_background-SELLERS-1024x596.png\" alt=\"\" class=\"wp-image-8286\" srcset=\"https:\/\/ds7yx6kld6i0w.cloudfront.net\/wp-content\/uploads\/2024\/01\/07192024\/NODES_illustration-horizontal-RGB_simple-light_background-SELLERS-1024x596.png 1024w, https:\/\/ds7yx6kld6i0w.cloudfront.net\/wp-content\/uploads\/2024\/01\/07192024\/NODES_illustration-horizontal-RGB_simple-light_background-SELLERS-300x175.png 300w, https:\/\/ds7yx6kld6i0w.cloudfront.net\/wp-content\/uploads\/2024\/01\/07192024\/NODES_illustration-horizontal-RGB_simple-light_background-SELLERS-768x447.png 768w, https:\/\/ds7yx6kld6i0w.cloudfront.net\/wp-content\/uploads\/2024\/01\/07192024\/NODES_illustration-horizontal-RGB_simple-light_background-SELLERS-1536x894.png 1536w, https:\/\/ds7yx6kld6i0w.cloudfront.net\/wp-content\/uploads\/2024\/01\/07192024\/NODES_illustration-horizontal-RGB_simple-light_background-SELLERS-2048x1192.png 2048w\" sizes=\"auto, (max-width: 1024px) 100vw, 1024px\" \/><\/figure>\n<\/div>\n<\/div>\n<\/div>\n","protected":false},"excerpt":{"rendered":"<p>Markets in Sweden A local market in the area around Gothenburg and M\u00f6lndal is currently active in Sweden. Active Markets&hellip;<\/p>\n","protected":false},"author":2,"featured_media":0,"parent":0,"menu_order":0,"comment_status":"closed","ping_status":"closed","template":"","meta":{"_acf_changed":false,"content-type":"","inline_featured_image":false,"footnotes":""},"class_list":["post-587","page","type-page","status-publish","hentry"],"acf":[],"yoast_head":"<!-- This site is optimized with the Yoast SEO plugin v27.3 - https:\/\/yoast.com\/product\/yoast-seo-wordpress\/ -->\n<title>Markets in Sweden - NODESmarket<\/title>\n<meta name=\"robots\" content=\"index, follow, max-snippet:-1, max-image-preview:large, max-video-preview:-1\" \/>\n<link rel=\"canonical\" href=\"https:\/\/nodesmarket.com\/markets-in-sweden\/\" \/>\n<meta property=\"og:locale\" content=\"nb_NO\" \/>\n<meta property=\"og:type\" content=\"article\" \/>\n<meta property=\"og:title\" content=\"Markets in Sweden - NODESmarket\" \/>\n<meta property=\"og:description\" content=\"Markets in Sweden A local market in the area around Gothenburg and M\u00f6lndal is currently active in Sweden. Active Markets&hellip;\" \/>\n<meta property=\"og:url\" content=\"https:\/\/nodesmarket.com\/markets-in-sweden\/\" \/>\n<meta property=\"og:site_name\" content=\"NODESmarket\" \/>\n<meta property=\"article:modified_time\" content=\"2024-08-29T10:38:48+00:00\" \/>\n<meta property=\"og:image\" content=\"https:\/\/nodesmarket.com\/wp-content\/uploads\/2024\/02\/Swedish-flag.jpeg\" \/>\n<meta name=\"twitter:card\" content=\"summary_large_image\" \/>\n<meta name=\"twitter:site\" content=\"@NODESmarket\" \/>\n<meta name=\"twitter:label1\" content=\"Ansl. lesetid\" \/>\n\t<meta name=\"twitter:data1\" content=\"1 minutt\" \/>\n<script type=\"application\/ld+json\" class=\"yoast-schema-graph\">{\"@context\":\"https:\\\/\\\/schema.org\",\"@graph\":[{\"@type\":\"WebPage\",\"@id\":\"https:\\\/\\\/nodesmarket.com\\\/markets-in-sweden\\\/\",\"url\":\"https:\\\/\\\/nodesmarket.com\\\/markets-in-sweden\\\/\",\"name\":\"Markets in Sweden - NODESmarket\",\"isPartOf\":{\"@id\":\"https:\\\/\\\/nodesmarket.com\\\/#website\"},\"primaryImageOfPage\":{\"@id\":\"https:\\\/\\\/nodesmarket.com\\\/markets-in-sweden\\\/#primaryimage\"},\"image\":{\"@id\":\"https:\\\/\\\/nodesmarket.com\\\/markets-in-sweden\\\/#primaryimage\"},\"thumbnailUrl\":\"https:\\\/\\\/nodesmarket.com\\\/wp-content\\\/uploads\\\/2024\\\/02\\\/Swedish-flag.jpeg\",\"datePublished\":\"2024-02-06T14:16:25+00:00\",\"dateModified\":\"2024-08-29T10:38:48+00:00\",\"breadcrumb\":{\"@id\":\"https:\\\/\\\/nodesmarket.com\\\/markets-in-sweden\\\/#breadcrumb\"},\"inLanguage\":\"nb-NO\",\"potentialAction\":[{\"@type\":\"ReadAction\",\"target\":[\"https:\\\/\\\/nodesmarket.com\\\/markets-in-sweden\\\/\"]}]},{\"@type\":\"ImageObject\",\"inLanguage\":\"nb-NO\",\"@id\":\"https:\\\/\\\/nodesmarket.com\\\/markets-in-sweden\\\/#primaryimage\",\"url\":\"https:\\\/\\\/nodesmarket.com\\\/wp-content\\\/uploads\\\/2024\\\/02\\\/Swedish-flag.jpeg\",\"contentUrl\":\"https:\\\/\\\/nodesmarket.com\\\/wp-content\\\/uploads\\\/2024\\\/02\\\/Swedish-flag.jpeg\"},{\"@type\":\"BreadcrumbList\",\"@id\":\"https:\\\/\\\/nodesmarket.com\\\/markets-in-sweden\\\/#breadcrumb\",\"itemListElement\":[{\"@type\":\"ListItem\",\"position\":1,\"name\":\"Home\",\"item\":\"https:\\\/\\\/nodesmarket.com\\\/no\\\/\"},{\"@type\":\"ListItem\",\"position\":2,\"name\":\"Markets in Sweden\"}]},{\"@type\":\"WebSite\",\"@id\":\"https:\\\/\\\/nodesmarket.com\\\/#website\",\"url\":\"https:\\\/\\\/nodesmarket.com\\\/\",\"name\":\"NODESmarket\",\"description\":\"\",\"publisher\":{\"@id\":\"https:\\\/\\\/nodesmarket.com\\\/#organization\"},\"potentialAction\":[{\"@type\":\"SearchAction\",\"target\":{\"@type\":\"EntryPoint\",\"urlTemplate\":\"https:\\\/\\\/nodesmarket.com\\\/?s={search_term_string}\"},\"query-input\":{\"@type\":\"PropertyValueSpecification\",\"valueRequired\":true,\"valueName\":\"search_term_string\"}}],\"inLanguage\":\"nb-NO\"},{\"@type\":\"Organization\",\"@id\":\"https:\\\/\\\/nodesmarket.com\\\/#organization\",\"name\":\"NODES AS\",\"url\":\"https:\\\/\\\/nodesmarket.com\\\/\",\"logo\":{\"@type\":\"ImageObject\",\"inLanguage\":\"nb-NO\",\"@id\":\"https:\\\/\\\/nodesmarket.com\\\/#\\\/schema\\\/logo\\\/image\\\/\",\"url\":\"https:\\\/\\\/ds7yx6kld6i0w.cloudfront.net\\\/wp-content\\\/uploads\\\/2024\\\/01\\\/24085756\\\/NODES_logopack-RGB_green.svg\",\"contentUrl\":\"https:\\\/\\\/ds7yx6kld6i0w.cloudfront.net\\\/wp-content\\\/uploads\\\/2024\\\/01\\\/24085756\\\/NODES_logopack-RGB_green.svg\",\"caption\":\"NODES AS\"},\"image\":{\"@id\":\"https:\\\/\\\/nodesmarket.com\\\/#\\\/schema\\\/logo\\\/image\\\/\"},\"sameAs\":[\"https:\\\/\\\/x.com\\\/NODESmarket\",\"https:\\\/\\\/www.linkedin.com\\\/company\\\/nodesmarket\\\/\",\"https:\\\/\\\/www.youtube.com\\\/@nodesmarket\"]}]}<\/script>\n<!-- \/ Yoast SEO plugin. -->","yoast_head_json":{"title":"Markets in Sweden - NODESmarket","robots":{"index":"index","follow":"follow","max-snippet":"max-snippet:-1","max-image-preview":"max-image-preview:large","max-video-preview":"max-video-preview:-1"},"canonical":"https:\/\/nodesmarket.com\/markets-in-sweden\/","og_locale":"nb_NO","og_type":"article","og_title":"Markets in Sweden - NODESmarket","og_description":"Markets in Sweden A local market in the area around Gothenburg and M\u00f6lndal is currently active in Sweden. Active Markets&hellip;","og_url":"https:\/\/nodesmarket.com\/markets-in-sweden\/","og_site_name":"NODESmarket","article_modified_time":"2024-08-29T10:38:48+00:00","og_image":[{"url":"https:\/\/nodesmarket.com\/wp-content\/uploads\/2024\/02\/Swedish-flag.jpeg","type":"","width":"","height":""}],"twitter_card":"summary_large_image","twitter_site":"@NODESmarket","twitter_misc":{"Ansl. lesetid":"1 minutt"},"schema":{"@context":"https:\/\/schema.org","@graph":[{"@type":"WebPage","@id":"https:\/\/nodesmarket.com\/markets-in-sweden\/","url":"https:\/\/nodesmarket.com\/markets-in-sweden\/","name":"Markets in Sweden - NODESmarket","isPartOf":{"@id":"https:\/\/nodesmarket.com\/#website"},"primaryImageOfPage":{"@id":"https:\/\/nodesmarket.com\/markets-in-sweden\/#primaryimage"},"image":{"@id":"https:\/\/nodesmarket.com\/markets-in-sweden\/#primaryimage"},"thumbnailUrl":"https:\/\/nodesmarket.com\/wp-content\/uploads\/2024\/02\/Swedish-flag.jpeg","datePublished":"2024-02-06T14:16:25+00:00","dateModified":"2024-08-29T10:38:48+00:00","breadcrumb":{"@id":"https:\/\/nodesmarket.com\/markets-in-sweden\/#breadcrumb"},"inLanguage":"nb-NO","potentialAction":[{"@type":"ReadAction","target":["https:\/\/nodesmarket.com\/markets-in-sweden\/"]}]},{"@type":"ImageObject","inLanguage":"nb-NO","@id":"https:\/\/nodesmarket.com\/markets-in-sweden\/#primaryimage","url":"https:\/\/nodesmarket.com\/wp-content\/uploads\/2024\/02\/Swedish-flag.jpeg","contentUrl":"https:\/\/nodesmarket.com\/wp-content\/uploads\/2024\/02\/Swedish-flag.jpeg"},{"@type":"BreadcrumbList","@id":"https:\/\/nodesmarket.com\/markets-in-sweden\/#breadcrumb","itemListElement":[{"@type":"ListItem","position":1,"name":"Home","item":"https:\/\/nodesmarket.com\/no\/"},{"@type":"ListItem","position":2,"name":"Markets in Sweden"}]},{"@type":"WebSite","@id":"https:\/\/nodesmarket.com\/#website","url":"https:\/\/nodesmarket.com\/","name":"NODESmarket","description":"","publisher":{"@id":"https:\/\/nodesmarket.com\/#organization"},"potentialAction":[{"@type":"SearchAction","target":{"@type":"EntryPoint","urlTemplate":"https:\/\/nodesmarket.com\/?s={search_term_string}"},"query-input":{"@type":"PropertyValueSpecification","valueRequired":true,"valueName":"search_term_string"}}],"inLanguage":"nb-NO"},{"@type":"Organization","@id":"https:\/\/nodesmarket.com\/#organization","name":"NODES AS","url":"https:\/\/nodesmarket.com\/","logo":{"@type":"ImageObject","inLanguage":"nb-NO","@id":"https:\/\/nodesmarket.com\/#\/schema\/logo\/image\/","url":"https:\/\/ds7yx6kld6i0w.cloudfront.net\/wp-content\/uploads\/2024\/01\/24085756\/NODES_logopack-RGB_green.svg","contentUrl":"https:\/\/ds7yx6kld6i0w.cloudfront.net\/wp-content\/uploads\/2024\/01\/24085756\/NODES_logopack-RGB_green.svg","caption":"NODES AS"},"image":{"@id":"https:\/\/nodesmarket.com\/#\/schema\/logo\/image\/"},"sameAs":["https:\/\/x.com\/NODESmarket","https:\/\/www.linkedin.com\/company\/nodesmarket\/","https:\/\/www.youtube.com\/@nodesmarket"]}]}},"_links":{"self":[{"href":"https:\/\/nodesmarket.com\/no\/wp-json\/wp\/v2\/pages\/587","targetHints":{"allow":["GET"]}}],"collection":[{"href":"https:\/\/nodesmarket.com\/no\/wp-json\/wp\/v2\/pages"}],"about":[{"href":"https:\/\/nodesmarket.com\/no\/wp-json\/wp\/v2\/types\/page"}],"author":[{"embeddable":true,"href":"https:\/\/nodesmarket.com\/no\/wp-json\/wp\/v2\/users\/2"}],"replies":[{"embeddable":true,"href":"https:\/\/nodesmarket.com\/no\/wp-json\/wp\/v2\/comments?post=587"}],"version-history":[{"count":47,"href":"https:\/\/nodesmarket.com\/no\/wp-json\/wp\/v2\/pages\/587\/revisions"}],"predecessor-version":[{"id":10708,"href":"https:\/\/nodesmarket.com\/no\/wp-json\/wp\/v2\/pages\/587\/revisions\/10708"}],"wp:attachment":[{"href":"https:\/\/nodesmarket.com\/no\/wp-json\/wp\/v2\/media?parent=587"}],"curies":[{"name":"wp","href":"https:\/\/api.w.org\/{rel}","templated":true}]}}