{"id":11112,"date":"2024-01-08T14:00:56","date_gmt":"2024-01-08T13:00:56","guid":{"rendered":"https:\/\/nodesmarket.com\/be-om-demonstrasjon\/"},"modified":"2024-01-08T14:00:56","modified_gmt":"2024-01-08T13:00:56","slug":"be-om-demonstrasjon","status":"publish","type":"page","link":"https:\/\/nodesmarket.com\/no\/be-om-demonstrasjon\/","title":{"rendered":"Be om demonstrasjon"},"content":{"rendered":"\n<div class=\"wp-block-group alignwide has-global-padding is-layout-constrained wp-container-core-group-is-layout-02e3544c wp-block-group-is-layout-constrained\">\n<div class=\"wp-block-columns alignwide is-layout-flex wp-container-core-columns-is-layout-28f84493 wp-block-columns-is-layout-flex\">\n<div class=\"wp-block-column is-layout-flow wp-block-column-is-layout-flow\" style=\"flex-basis:450px\">\n<h1 class=\"wp-block-heading\">Be om demonstrasjon<\/h1>\n\n\n\n<p class=\"has-primary-blue-400-color has-text-color has-link-color wp-elements-14c333dcc37e3d0b6cb5318893ea7d83\">NODES\u2122 \u00d8nsker \u00e5 snakke med deg for \u00e5 diskutere veier for \u00e5 frigj\u00f8re fleksibilitet og arbeide mot et nullutslipps samfunn. Vennligst fyll inn feltene markert med (*) s\u00e5 kontakter vi deg s\u00e5 snart som mulig.<\/p>\n<\/div>\n\n\n\n<div class=\"wp-block-column is-layout-flow wp-container-core-column-is-layout-8a368f38 wp-block-column-is-layout-flow\" style=\"flex-basis:450px\"><\/div>\n<\/div>\n<\/div>\n","protected":false},"excerpt":{"rendered":"<p>Be om demonstrasjon NODES\u2122 \u00d8nsker \u00e5 snakke med deg for \u00e5 diskutere veier for \u00e5 frigj\u00f8re fleksibilitet og arbeide mot&hellip;<\/p>\n","protected":false},"author":1,"featured_media":0,"parent":0,"menu_order":0,"comment_status":"closed","ping_status":"closed","template":"base","meta":{"_acf_changed":false,"content-type":"","inline_featured_image":false,"footnotes":""},"class_list":["post-11112","page","type-page","status-publish","hentry"],"acf":[],"yoast_head":"<!-- This site is optimized with the Yoast SEO plugin v27.3 - https:\/\/yoast.com\/product\/yoast-seo-wordpress\/ -->\n<title>Be om demonstrasjon - NODESmarket<\/title>\n<meta name=\"robots\" content=\"index, follow, max-snippet:-1, max-image-preview:large, max-video-preview:-1\" \/>\n<link rel=\"canonical\" href=\"https:\/\/nodesmarket.com\/be-om-demonstrasjon\/\" \/>\n<meta property=\"og:locale\" content=\"nb_NO\" \/>\n<meta property=\"og:type\" content=\"article\" \/>\n<meta property=\"og:title\" content=\"Be om demonstrasjon - NODESmarket\" \/>\n<meta property=\"og:description\" content=\"Be om demonstrasjon NODES\u2122 \u00d8nsker \u00e5 snakke med deg for \u00e5 diskutere veier for \u00e5 frigj\u00f8re fleksibilitet og arbeide mot&hellip;\" \/>\n<meta property=\"og:url\" content=\"https:\/\/nodesmarket.com\/be-om-demonstrasjon\/\" \/>\n<meta property=\"og:site_name\" content=\"NODESmarket\" \/>\n<meta name=\"twitter:card\" content=\"summary_large_image\" \/>\n<meta name=\"twitter:site\" content=\"@NODESmarket\" \/>\n<script type=\"application\/ld+json\" class=\"yoast-schema-graph\">{\"@context\":\"https:\\\/\\\/schema.org\",\"@graph\":[{\"@type\":\"WebPage\",\"@id\":\"https:\\\/\\\/nodesmarket.com\\\/be-om-demonstrasjon\\\/\",\"url\":\"https:\\\/\\\/nodesmarket.com\\\/be-om-demonstrasjon\\\/\",\"name\":\"Be om demonstrasjon - NODESmarket\",\"isPartOf\":{\"@id\":\"https:\\\/\\\/nodesmarket.com\\\/#website\"},\"datePublished\":\"2024-01-08T13:00:56+00:00\",\"breadcrumb\":{\"@id\":\"https:\\\/\\\/nodesmarket.com\\\/be-om-demonstrasjon\\\/#breadcrumb\"},\"inLanguage\":\"nb-NO\",\"potentialAction\":[{\"@type\":\"ReadAction\",\"target\":[\"https:\\\/\\\/nodesmarket.com\\\/be-om-demonstrasjon\\\/\"]}]},{\"@type\":\"BreadcrumbList\",\"@id\":\"https:\\\/\\\/nodesmarket.com\\\/be-om-demonstrasjon\\\/#breadcrumb\",\"itemListElement\":[{\"@type\":\"ListItem\",\"position\":1,\"name\":\"Home\",\"item\":\"https:\\\/\\\/nodesmarket.com\\\/no\\\/\"},{\"@type\":\"ListItem\",\"position\":2,\"name\":\"Be om demonstrasjon\"}]},{\"@type\":\"WebSite\",\"@id\":\"https:\\\/\\\/nodesmarket.com\\\/#website\",\"url\":\"https:\\\/\\\/nodesmarket.com\\\/\",\"name\":\"NODESmarket\",\"description\":\"\",\"publisher\":{\"@id\":\"https:\\\/\\\/nodesmarket.com\\\/#organization\"},\"potentialAction\":[{\"@type\":\"SearchAction\",\"target\":{\"@type\":\"EntryPoint\",\"urlTemplate\":\"https:\\\/\\\/nodesmarket.com\\\/?s={search_term_string}\"},\"query-input\":{\"@type\":\"PropertyValueSpecification\",\"valueRequired\":true,\"valueName\":\"search_term_string\"}}],\"inLanguage\":\"nb-NO\"},{\"@type\":\"Organization\",\"@id\":\"https:\\\/\\\/nodesmarket.com\\\/#organization\",\"name\":\"NODES AS\",\"url\":\"https:\\\/\\\/nodesmarket.com\\\/\",\"logo\":{\"@type\":\"ImageObject\",\"inLanguage\":\"nb-NO\",\"@id\":\"https:\\\/\\\/nodesmarket.com\\\/#\\\/schema\\\/logo\\\/image\\\/\",\"url\":\"https:\\\/\\\/ds7yx6kld6i0w.cloudfront.net\\\/wp-content\\\/uploads\\\/2024\\\/01\\\/24085756\\\/NODES_logopack-RGB_green.svg\",\"contentUrl\":\"https:\\\/\\\/ds7yx6kld6i0w.cloudfront.net\\\/wp-content\\\/uploads\\\/2024\\\/01\\\/24085756\\\/NODES_logopack-RGB_green.svg\",\"caption\":\"NODES AS\"},\"image\":{\"@id\":\"https:\\\/\\\/nodesmarket.com\\\/#\\\/schema\\\/logo\\\/image\\\/\"},\"sameAs\":[\"https:\\\/\\\/x.com\\\/NODESmarket\",\"https:\\\/\\\/www.linkedin.com\\\/company\\\/nodesmarket\\\/\",\"https:\\\/\\\/www.youtube.com\\\/@nodesmarket\"]}]}<\/script>\n<!-- \/ Yoast SEO plugin. -->","yoast_head_json":{"title":"Be om demonstrasjon - NODESmarket","robots":{"index":"index","follow":"follow","max-snippet":"max-snippet:-1","max-image-preview":"max-image-preview:large","max-video-preview":"max-video-preview:-1"},"canonical":"https:\/\/nodesmarket.com\/be-om-demonstrasjon\/","og_locale":"nb_NO","og_type":"article","og_title":"Be om demonstrasjon - NODESmarket","og_description":"Be om demonstrasjon NODES\u2122 \u00d8nsker \u00e5 snakke med deg for \u00e5 diskutere veier for \u00e5 frigj\u00f8re fleksibilitet og arbeide mot&hellip;","og_url":"https:\/\/nodesmarket.com\/be-om-demonstrasjon\/","og_site_name":"NODESmarket","twitter_card":"summary_large_image","twitter_site":"@NODESmarket","schema":{"@context":"https:\/\/schema.org","@graph":[{"@type":"WebPage","@id":"https:\/\/nodesmarket.com\/be-om-demonstrasjon\/","url":"https:\/\/nodesmarket.com\/be-om-demonstrasjon\/","name":"Be om demonstrasjon - NODESmarket","isPartOf":{"@id":"https:\/\/nodesmarket.com\/#website"},"datePublished":"2024-01-08T13:00:56+00:00","breadcrumb":{"@id":"https:\/\/nodesmarket.com\/be-om-demonstrasjon\/#breadcrumb"},"inLanguage":"nb-NO","potentialAction":[{"@type":"ReadAction","target":["https:\/\/nodesmarket.com\/be-om-demonstrasjon\/"]}]},{"@type":"BreadcrumbList","@id":"https:\/\/nodesmarket.com\/be-om-demonstrasjon\/#breadcrumb","itemListElement":[{"@type":"ListItem","position":1,"name":"Home","item":"https:\/\/nodesmarket.com\/no\/"},{"@type":"ListItem","position":2,"name":"Be om demonstrasjon"}]},{"@type":"WebSite","@id":"https:\/\/nodesmarket.com\/#website","url":"https:\/\/nodesmarket.com\/","name":"NODESmarket","description":"","publisher":{"@id":"https:\/\/nodesmarket.com\/#organization"},"potentialAction":[{"@type":"SearchAction","target":{"@type":"EntryPoint","urlTemplate":"https:\/\/nodesmarket.com\/?s={search_term_string}"},"query-input":{"@type":"PropertyValueSpecification","valueRequired":true,"valueName":"search_term_string"}}],"inLanguage":"nb-NO"},{"@type":"Organization","@id":"https:\/\/nodesmarket.com\/#organization","name":"NODES AS","url":"https:\/\/nodesmarket.com\/","logo":{"@type":"ImageObject","inLanguage":"nb-NO","@id":"https:\/\/nodesmarket.com\/#\/schema\/logo\/image\/","url":"https:\/\/ds7yx6kld6i0w.cloudfront.net\/wp-content\/uploads\/2024\/01\/24085756\/NODES_logopack-RGB_green.svg","contentUrl":"https:\/\/ds7yx6kld6i0w.cloudfront.net\/wp-content\/uploads\/2024\/01\/24085756\/NODES_logopack-RGB_green.svg","caption":"NODES AS"},"image":{"@id":"https:\/\/nodesmarket.com\/#\/schema\/logo\/image\/"},"sameAs":["https:\/\/x.com\/NODESmarket","https:\/\/www.linkedin.com\/company\/nodesmarket\/","https:\/\/www.youtube.com\/@nodesmarket"]}]}},"_links":{"self":[{"href":"https:\/\/nodesmarket.com\/no\/wp-json\/wp\/v2\/pages\/11112","targetHints":{"allow":["GET"]}}],"collection":[{"href":"https:\/\/nodesmarket.com\/no\/wp-json\/wp\/v2\/pages"}],"about":[{"href":"https:\/\/nodesmarket.com\/no\/wp-json\/wp\/v2\/types\/page"}],"author":[{"embeddable":true,"href":"https:\/\/nodesmarket.com\/no\/wp-json\/wp\/v2\/users\/1"}],"replies":[{"embeddable":true,"href":"https:\/\/nodesmarket.com\/no\/wp-json\/wp\/v2\/comments?post=11112"}],"version-history":[{"count":0,"href":"https:\/\/nodesmarket.com\/no\/wp-json\/wp\/v2\/pages\/11112\/revisions"}],"wp:attachment":[{"href":"https:\/\/nodesmarket.com\/no\/wp-json\/wp\/v2\/media?parent=11112"}],"curies":[{"name":"wp","href":"https:\/\/api.w.org\/{rel}","templated":true}]}}